{"id":2278,"date":"2025-01-13T07:24:41","date_gmt":"2025-01-13T07:24:41","guid":{"rendered":"https:\/\/woodywell.com\/?page_id=2278"},"modified":"2025-02-28T09:23:02","modified_gmt":"2025-02-28T09:23:02","slug":"why-woodywell","status":"publish","type":"page","link":"https:\/\/woodywell.com\/tr\/why-woodywell\/","title":{"rendered":"Neden Woodywell"},"content":{"rendered":"<div data-elementor-type=\"wp-page\" data-elementor-id=\"2278\" class=\"elementor elementor-2278\" data-elementor-post-type=\"page\">\n\t\t\t\t<div class=\"elementor-element elementor-element-d91a2f5 e-flex e-con-boxed e-con e-parent\" data-id=\"d91a2f5\" data-element_type=\"container\" data-e-type=\"container\">\n\t\t\t\t\t<div class=\"e-con-inner\">\n\t\t\t\t<div class=\"elementor-element elementor-element-0a72673 elementor-widget elementor-widget-spacer\" data-id=\"0a72673\" data-element_type=\"widget\" data-e-type=\"widget\" data-widget_type=\"spacer.default\">\n\t\t\t\t<div class=\"elementor-widget-container\">\n\t\t\t\t\t\t\t<div class=\"elementor-spacer\">\n\t\t\t<div class=\"elementor-spacer-inner\"><\/div>\n\t\t<\/div>\n\t\t\t\t\t\t<\/div>\n\t\t\t\t<\/div>\n\t\t\t\t\t<\/div>\n\t\t\t\t<\/div>\n\t\t<div class=\"elementor-element elementor-element-cc9670a e-flex e-con-boxed e-con e-parent\" data-id=\"cc9670a\" data-element_type=\"container\" data-e-type=\"container\">\n\t\t\t\t\t<div class=\"e-con-inner\">\n\t\t\t\t<div class=\"elementor-element elementor-element-77e8a44 elementor-align-center elementor-widget elementor-widget-etheme_advanced_headline\" data-id=\"77e8a44\" data-element_type=\"widget\" data-e-type=\"widget\" data-widget_type=\"etheme_advanced_headline.default\">\n\t\t\t\t<div class=\"elementor-widget-container\">\n\t\t\t\t\t        \r\n        <div class=\"etheme-a-h-wrapper etheme-a-h-line-under\">\r\n        \r\n            <div class=\"etheme-advanced-headline-heading-wrapper\">\r\n        <h2 class=\"etheme-advanced-headline\">\r\n\r\n            NEDEN WOODYWELL\r\n        <\/h2>\r\n\t\t\r\n            <div class=\"etheme-advanced-headline-divider\"><\/div><\/div>        \r\n        <\/div>\r\n        \r\n\t\t\t\t\t\t<\/div>\n\t\t\t\t<\/div>\n\t\t\t\t\t<\/div>\n\t\t\t\t<\/div>\n\t\t<div class=\"elementor-element elementor-element-21af755 e-flex e-con-boxed e-con e-parent\" data-id=\"21af755\" data-element_type=\"container\" data-e-type=\"container\">\n\t\t\t\t\t<div class=\"e-con-inner\">\n\t\t\t\t<div class=\"elementor-element elementor-element-3989323 elementor-widget elementor-widget-text-editor\" data-id=\"3989323\" data-element_type=\"widget\" data-e-type=\"widget\" data-widget_type=\"text-editor.default\">\n\t\t\t\t<div class=\"elementor-widget-container\">\n\t\t\t\t\t\t\t\t\t<p>\u00a0<\/p><ol><li>S\u00fcrd\u00fcr\u00fclebilirlik: \u00c7evreye duyarl\u0131 malzemeler ve \u00fcretim s\u00fcre\u00e7leri ile \u00e7evreye duyarl\u0131 bir yakla\u015f\u0131m benimsemek ve \u00e7evreye duyarl\u0131 kullan\u0131c\u0131lar i\u00e7in \u00e7ok \u00f6nemli bir fakt\u00f6rd\u00fcr.<\/li><li>Hu\u015f a\u011fac\u0131: Do\u011fal, s\u00fcrd\u00fcr\u00fclebilir ve estetik bir malzeme se\u00e7erek \u00e7evre dostu bir yakla\u015f\u0131m sergiliyorsunuz. Hu\u015f a\u011fac\u0131, uzun \u00f6m\u00fcrl\u00fc, dayan\u0131kl\u0131 ve sa\u011fl\u0131kl\u0131 bir malzemedir.<\/li><li>Tik Ya\u011f\u0131 Kullan\u0131m\u0131: Tik ya\u011f\u0131, suya dayan\u0131kl\u0131 olmas\u0131 ve uzun s\u00fcre dayan\u0131kl\u0131 kalmas\u0131 nedeniyle i\u00e7 ve d\u0131\u015f mekanlarda kullan\u0131m i\u00e7in ideal bir malzemedir. Ayr\u0131ca do\u011fal dokusu ve g\u00f6r\u00fcn\u00fcm\u00fcyle estetik a\u00e7\u0131dan da \u00e7ok \u00e7ekicidir.<\/li><li>Mod\u00fcler ve \u0130\u015flevsel Tasar\u0131mlar: Kullan\u0131c\u0131lar\u0131n ihtiya\u00e7lar\u0131na g\u00f6re \u00f6zelle\u015ftirilebilen ve farkl\u0131 alanlarda rahatl\u0131kla kullan\u0131labilen mod\u00fcler ekipmanlar, i\u015flevsellik a\u00e7\u0131s\u0131ndan b\u00fcy\u00fck bir art\u0131 sa\u011flar. Ayr\u0131ca, bu tasar\u0131mlar de\u011fi\u015fen ko\u015fullara ve kullan\u0131c\u0131 ihtiya\u00e7lar\u0131na kolayca uyum sa\u011flar.<\/li><li>Sa\u011fl\u0131k Ekipmanlar\u0131: Spor ve hareket ekipmanlar\u0131n\u0131zda sa\u011fl\u0131k ve ergonomiye \u00f6zel \u00f6nem vermek, kullan\u0131c\u0131lar\u0131n daha sa\u011fl\u0131kl\u0131 bir ya\u015fam tarz\u0131 benimsemelerine yard\u0131mc\u0131 olur.<\/li><li>\u0130\u00e7 ve D\u0131\u015f Mekan Uyumlu: Hem i\u00e7 hem de d\u0131\u015f mekanlarda kullan\u0131labilir. Kullan\u0131labilen tasar\u0131mlar esneklik sa\u011flar. Her ortamda rahatl\u0131kla kullan\u0131labilen ekipmanlar, farkl\u0131 yerlerdeki kullan\u0131c\u0131lar\u0131 k\u0131s\u0131tlamaz.<\/li><li>T\u00fcm Ya\u015f Gruplar\u0131 i\u00e7in Uygun: Her ya\u015f grubunun ihtiya\u00e7lar\u0131n\u0131 kar\u015f\u0131lamak, ekipman\u0131n\u0131z\u0131n \u00e7ok y\u00f6nl\u00fcl\u00fc\u011f\u00fcn\u00fc ve kapsay\u0131c\u0131l\u0131\u011f\u0131n\u0131 g\u00f6sterir.<\/li><li>Estetik ve Do\u011faya Zarar Vermemek: Do\u011fal malzemelerle yap\u0131lan estetik tasar\u0131mlar, insanlar\u0131n g\u00f6z zevkine hitap eder ve \u00e7evre dostu olma sorumlulu\u011funu ta\u015f\u0131r.<\/li><li>Dayan\u0131kl\u0131 ve Sa\u011flam: Hem i\u00e7 hem de d\u0131\u015f mekanlarda kullan\u0131labilecek kadar dayan\u0131kl\u0131 ve sa\u011flam ekipmanlar uzun vadeli olarak de\u011ferlendirilir ve kullan\u0131c\u0131lara g\u00fcven verir.<\/li><li>Do\u011faya ba\u011fl\u0131l\u0131k: Bu t\u00fcr \u00fcr\u00fcnler do\u011fa ile olan ba\u011f\u0131 g\u00fc\u00e7lendirir ve sa\u011fl\u0131kl\u0131 bir ya\u015fam i\u00e7in do\u011fal ve organik malzemeleri tercih etmenizi te\u015fvik eder.<\/li><\/ol>\t\t\t\t\t\t\t\t<\/div>\n\t\t\t\t<\/div>\n\t\t\t\t\t<\/div>\n\t\t\t\t<\/div>\n\t\t\t\t<\/div>","protected":false},"excerpt":{"rendered":"<p>WHY WOODYWELL \u00a0 Sustainability: It is a very important factor for us to adopt an environmentally sensitive approach with environmentally friendly materials and production processes&#8230;<\/p>","protected":false},"author":1,"featured_media":0,"parent":0,"menu_order":0,"comment_status":"closed","ping_status":"closed","template":"","meta":{"footnotes":""},"class_list":["post-2278","page","type-page","status-publish","hentry"],"_links":{"self":[{"href":"https:\/\/woodywell.com\/tr\/wp-json\/wp\/v2\/pages\/2278","targetHints":{"allow":["GET"]}}],"collection":[{"href":"https:\/\/woodywell.com\/tr\/wp-json\/wp\/v2\/pages"}],"about":[{"href":"https:\/\/woodywell.com\/tr\/wp-json\/wp\/v2\/types\/page"}],"author":[{"embeddable":true,"href":"https:\/\/woodywell.com\/tr\/wp-json\/wp\/v2\/users\/1"}],"replies":[{"embeddable":true,"href":"https:\/\/woodywell.com\/tr\/wp-json\/wp\/v2\/comments?post=2278"}],"version-history":[{"count":51,"href":"https:\/\/woodywell.com\/tr\/wp-json\/wp\/v2\/pages\/2278\/revisions"}],"predecessor-version":[{"id":3509,"href":"https:\/\/woodywell.com\/tr\/wp-json\/wp\/v2\/pages\/2278\/revisions\/3509"}],"wp:attachment":[{"href":"https:\/\/woodywell.com\/tr\/wp-json\/wp\/v2\/media?parent=2278"}],"curies":[{"name":"wp","href":"https:\/\/api.w.org\/{rel}","templated":true}]}}