{"id":32,"date":"2023-09-22T06:26:45","date_gmt":"2023-09-22T06:26:45","guid":{"rendered":"https:\/\/xstore.8theme.com\/elementor3\/yoga-accessories\/?page_id=32"},"modified":"2025-02-25T20:17:30","modified_gmt":"2025-02-25T20:17:30","slug":"about-us","status":"publish","type":"page","link":"https:\/\/woodywell.com\/tr\/about-us\/","title":{"rendered":"Hakk\u0131m\u0131zda"},"content":{"rendered":"<div data-elementor-type=\"wp-page\" data-elementor-id=\"32\" class=\"elementor elementor-32\" data-elementor-post-type=\"page\">\n\t\t\t\t<div class=\"elementor-element elementor-element-8738e3b e-flex e-con-boxed e-con e-parent\" data-id=\"8738e3b\" data-element_type=\"container\" data-e-type=\"container\">\n\t\t\t\t\t<div class=\"e-con-inner\">\n\t\t\t\t<div class=\"elementor-element elementor-element-d4a0f8a elementor-widget elementor-widget-spacer\" data-id=\"d4a0f8a\" data-element_type=\"widget\" data-e-type=\"widget\" data-widget_type=\"spacer.default\">\n\t\t\t\t<div class=\"elementor-widget-container\">\n\t\t\t\t\t\t\t<div class=\"elementor-spacer\">\n\t\t\t<div class=\"elementor-spacer-inner\"><\/div>\n\t\t<\/div>\n\t\t\t\t\t\t<\/div>\n\t\t\t\t<\/div>\n\t\t\t\t\t<\/div>\n\t\t\t\t<\/div>\n\t\t<div class=\"elementor-element elementor-element-47e58fd e-flex e-con-boxed e-con e-parent\" data-id=\"47e58fd\" data-element_type=\"container\" data-e-type=\"container\">\n\t\t\t\t\t<div class=\"e-con-inner\">\n\t\t\t\t<div class=\"elementor-element elementor-element-bc2d3b9 elementor-align-center elementor-widget elementor-widget-etheme_advanced_headline\" data-id=\"bc2d3b9\" data-element_type=\"widget\" data-e-type=\"widget\" data-widget_type=\"etheme_advanced_headline.default\">\n\t\t\t\t<div class=\"elementor-widget-container\">\n\t\t\t\t\t        \r\n        <div class=\"etheme-a-h-wrapper etheme-a-h-line-under\">\r\n        \r\n            <div class=\"etheme-advanced-headline-heading-wrapper\">\r\n        <h2 class=\"etheme-advanced-headline\">\r\n\r\n            HAKKIMIZDA\r\n        <\/h2>\r\n\t\t\r\n            <div class=\"etheme-advanced-headline-divider\"><\/div><\/div>        \r\n        <\/div>\r\n        \r\n\t\t\t\t\t\t<\/div>\n\t\t\t\t<\/div>\n\t\t\t\t\t<\/div>\n\t\t\t\t<\/div>\n\t\t\t\t<section class=\"elementor-section elementor-top-section elementor-element elementor-element-33cb66b0 elementor-section-stretched elementor-section-boxed elementor-section-height-default elementor-section-height-default\" data-id=\"33cb66b0\" data-element_type=\"section\" data-e-type=\"section\" data-settings=\"{&quot;stretch_section&quot;:&quot;section-stretched&quot;,&quot;background_background&quot;:&quot;classic&quot;}\">\n\t\t\t\t\t\t<div class=\"elementor-container elementor-column-gap-custom\">\n\t\t\t\t\t<div class=\"elementor-column elementor-col-33 elementor-top-column elementor-element elementor-element-1c1ee71\" data-id=\"1c1ee71\" data-element_type=\"column\" data-e-type=\"column\">\n\t\t\t<div class=\"elementor-widget-wrap\">\n\t\t\t\t\t\t\t<\/div>\n\t\t<\/div>\n\t\t\t\t<div class=\"elementor-column elementor-col-33 elementor-top-column elementor-element elementor-element-dfc1676\" data-id=\"dfc1676\" data-element_type=\"column\" data-e-type=\"column\">\n\t\t\t<div class=\"elementor-widget-wrap elementor-element-populated\">\n\t\t\t\t\t\t<div class=\"elementor-element elementor-element-f36c93b elementor-widget elementor-widget-text-editor\" data-id=\"f36c93b\" data-element_type=\"widget\" data-e-type=\"widget\" data-widget_type=\"text-editor.default\">\n\t\t\t\t<div class=\"elementor-widget-container\">\n\t\t\t\t\t\t\t\t\t<p>Spor sekt\u00f6r\u00fcnde 30 y\u0131l\u0131 a\u015fk\u0131n deneyime sahip olarak, hem sporcu hem de antren\u00f6r olarak \u00e7ok say\u0131da ulusal ve uluslararas\u0131 yar\u0131\u015fmaya kat\u0131ld\u0131m. Bu deneyimlerime dayanarak, konfor, dayan\u0131kl\u0131l\u0131k ve performansa odaklanarak t\u00fcm ya\u015f gruplar\u0131n\u0131n ihtiya\u00e7lar\u0131na g\u00f6re tasarlanm\u0131\u015f ergonomik ve etkili ah\u015fap egzersiz ekipmanlar\u0131 geli\u015ftirmeye kararl\u0131y\u0131m. Bu \u00e7abamda akademik bilgimi pratik uygulamalarla birle\u015ftirerek g\u00f6revimi yerine getiriyorum.<\/p><p>Kapsaml\u0131 ara\u015ft\u0131rmalar ve yeniliklere a\u00e7\u0131k ve g\u00fcncel kalma taahh\u00fcd\u00fcmle, egzersiz ekipmanlar\u0131 alan\u0131nda yenilik\u00e7i \u00e7\u00f6z\u00fcmler \u00fcretiyorum. Amac\u0131m, 7 ila 77 ya\u015f aras\u0131ndaki herkese do\u011fal ve s\u00fcrd\u00fcr\u00fclebilir ah\u015fap egzersiz ekipmanlar\u0131 sunarak sa\u011fl\u0131kl\u0131 bir ya\u015fam tarz\u0131n\u0131 te\u015fvik etmektir.<\/p><p>Spor ve mekanik tasar\u0131m alan\u0131ndaki deneyimlerimden yararlanarak, \u00e7evre dostu ve kullan\u0131c\u0131 odakl\u0131 bir yakla\u015f\u0131mla en ergonomik egzersiz ekipmanlar\u0131n\u0131 tasarlayarak egzersizi hayat\u0131n\u0131z\u0131n ayr\u0131lmaz bir par\u00e7as\u0131 haline getirmeyi hedefliyorum. Bu uzun yolculukta, herkesin kaliteli bir ya\u015fama eri\u015febilmesini sa\u011flamak i\u00e7in \u00e7abal\u0131yorum.<\/p><p>Marka logomuzda, hem \u00fcr\u00fcn tasar\u0131m\u0131m\u0131zda hem de felsefemizde derin bir anlam ta\u015f\u0131yan \u201cHayat \u00c7i\u00e7e\u011fi\u201d sembol\u00fc yer almaktad\u0131r.<\/p><p>Hayat \u00c7i\u00e7e\u011fi: Ya\u015fam d\u00f6ng\u00fcs\u00fc ve s\u00fcrd\u00fcr\u00fclebilirli\u011fi simgeleyen bu eski sembol, do\u011fan\u0131n m\u00fckemmel uyumunu ve d\u00f6ng\u00fcselli\u011fini ya<\/p>\t\t\t\t\t\t\t\t<\/div>\n\t\t\t\t<\/div>\n\t\t\t\t<div class=\"elementor-element elementor-element-26f49c8 elementor-align-center elementor-widget elementor-widget-etheme_advanced_headline\" data-id=\"26f49c8\" data-element_type=\"widget\" data-e-type=\"widget\" data-widget_type=\"etheme_advanced_headline.default\">\n\t\t\t\t<div class=\"elementor-widget-container\">\n\t\t\t\t\t        \r\n        <div class=\"etheme-a-h-wrapper etheme-a-h-line-under\">\r\n        \r\n            <div class=\"etheme-advanced-headline-heading-wrapper\">\r\n        <h2 class=\"etheme-advanced-headline\">\r\n\r\n            V\u0130ZYONUMUZ\r\n        <\/h2>\r\n\t\t\r\n            <div class=\"etheme-advanced-headline-divider\"><\/div><\/div>        \r\n        <\/div>\r\n        \r\n\t\t\t\t\t\t<\/div>\n\t\t\t\t<\/div>\n\t\t\t\t<div class=\"elementor-element elementor-element-c4e408f elementor-widget elementor-widget-text-editor\" data-id=\"c4e408f\" data-element_type=\"widget\" data-e-type=\"widget\" data-widget_type=\"text-editor.default\">\n\t\t\t\t<div class=\"elementor-widget-container\">\n\t\t\t\t\t\t\t\t\t<p>Do\u011fal ve s\u00fcrd\u00fcr\u00fclebilir malzemeler kullanarak her ya\u015f grubu i\u00e7in i\u015flevsel ve estetik egzersiz \u00fcr\u00fcnleri tasarlamak, sa\u011fl\u0131kl\u0131 bir ya\u015fam tarz\u0131n\u0131n benimsenmesine ve \u00e7evre dostu egzersiz uygulamalar\u0131na katk\u0131da bulunmak.<\/p>\t\t\t\t\t\t\t\t<\/div>\n\t\t\t\t<\/div>\n\t\t\t\t<div class=\"elementor-element elementor-element-e6a05ae elementor-align-center elementor-widget elementor-widget-etheme_advanced_headline\" data-id=\"e6a05ae\" data-element_type=\"widget\" data-e-type=\"widget\" data-widget_type=\"etheme_advanced_headline.default\">\n\t\t\t\t<div class=\"elementor-widget-container\">\n\t\t\t\t\t        \r\n        <div class=\"etheme-a-h-wrapper etheme-a-h-line-under\">\r\n        \r\n            <div class=\"etheme-advanced-headline-heading-wrapper\">\r\n        <h2 class=\"etheme-advanced-headline\">\r\n\r\n            M\u0130SYONUMUZ\r\n        <\/h2>\r\n\t\t\r\n            <div class=\"etheme-advanced-headline-divider\"><\/div><\/div>        \r\n        <\/div>\r\n        \r\n\t\t\t\t\t\t<\/div>\n\t\t\t\t<\/div>\n\t\t\t\t<div class=\"elementor-element elementor-element-347ab43 elementor-widget elementor-widget-text-editor\" data-id=\"347ab43\" data-element_type=\"widget\" data-e-type=\"widget\" data-widget_type=\"text-editor.default\">\n\t\t\t\t<div class=\"elementor-widget-container\">\n\t\t\t\t\t\t\t\t\t<p>Do\u011fal Malzemeler: Ah\u015fap egzersiz \u00fcr\u00fcnlerimizi do\u011faya zarar vermeden elde edilen do\u011fal ah\u015fap malzemelerden \u00fcretiyoruz. Bu sayede do\u011fa ile ba\u011f\u0131m\u0131z\u0131 koruyor ve sa\u011fl\u0131kl\u0131 bir ya\u015fam tarz\u0131n\u0131 te\u015fvik ediyoruz.<\/p><p>G\u00fc\u00e7l\u00fc ve Dayan\u0131kl\u0131: \u00dcr\u00fcnlerimiz uzun \u00f6m\u00fcrl\u00fc ve dayan\u0131kl\u0131 olacak \u015fekilde tasarlanm\u0131\u015ft\u0131r. Ah\u015fab\u0131n sa\u011flam yap\u0131s\u0131 sayesinde, egzersiz \u00fcr\u00fcnlerimiz y\u0131llarca g\u00fcvenle kullan\u0131labilir.<\/p><p>S\u00fcrd\u00fcr\u00fclebilirlik: \u00dcretim s\u00fcre\u00e7lerimizde s\u00fcrd\u00fcr\u00fclebilirlik ilkesine \u00f6ncelik veriyoruz. Ah\u015fap malzemelerimizin s\u00fcrd\u00fcr\u00fclebilir kaynaklardan temin edilmesini sa\u011fl\u0131yor ve \u00e7evresel etkimizi en aza indiriyoruz.<\/p><p>Yenilik\u00e7i Tasar\u0131m: \u00dcr\u00fcnlerimizin her biri yenilik\u00e7i bir tasar\u0131m yakla\u015f\u0131m\u0131yla geli\u015ftirilmi\u015ftir. Kullan\u0131c\u0131lar\u0131n ihtiya\u00e7lar\u0131n\u0131 kar\u015f\u0131layan ergonomik ve i\u015flevsel \u00fcr\u00fcnler sunarak egzersizi daha keyifli hale getiriyoruz.<\/p><p>Her Ya\u015fa Uygun: Ah\u015fap egzersiz \u00fcr\u00fcnlerimiz t\u00fcm ya\u015f gruplar\u0131na hitap edecek \u015fekilde tasarlanm\u0131\u015ft\u0131r. \u00c7ocuklardan yeti\u015fkinlere kadar herkesin kullanabilece\u011fi \u00e7e\u015fitli \u00fcr\u00fcnler sunuyoruz.<\/p><p>\u0130\u015flevsellik ve Estetik: \u00dcr\u00fcnlerimiz hem i\u015flevsel hem de estetik a\u00e7\u0131dan ho\u015ftur. Ah\u015fab\u0131n do\u011fal g\u00fczelli\u011fini modern tasar\u0131mla birle\u015ftiren \u00fcr\u00fcnlerimiz, evlere ve spor salonlar\u0131na \u015f\u0131k bir g\u00f6r\u00fcn\u00fcm kazand\u0131r\u0131r.<\/p><p>Mod\u00fcler Yap\u0131: Mod\u00fcler tasar\u0131mlar\u0131m\u0131z sayesinde kullan\u0131c\u0131lar, \u00fcr\u00fcnleri ihtiya\u00e7lar\u0131na g\u00f6re kolayca birle\u015ftirebilir ve \u00f6zelle\u015ftirebilir. Bu esneklik, kullan\u0131c\u0131lar\u0131n egzersiz deneyimlerini optimize etmelerini sa\u011flar.<\/p>\t\t\t\t\t\t\t\t<\/div>\n\t\t\t\t<\/div>\n\t\t\t\t<div class=\"elementor-element elementor-element-6f3e0ee elementor-align-center elementor-widget elementor-widget-etheme_advanced_headline\" data-id=\"6f3e0ee\" data-element_type=\"widget\" data-e-type=\"widget\" data-widget_type=\"etheme_advanced_headline.default\">\n\t\t\t\t<div class=\"elementor-widget-container\">\n\t\t\t\t\t        \r\n        <div class=\"etheme-a-h-wrapper etheme-a-h-line-under\">\r\n        \r\n            <div class=\"etheme-advanced-headline-heading-wrapper\">\r\n        <h2 class=\"etheme-advanced-headline\">\r\n\r\n            HEDEFLER\u0130M\u0130Z\r\n        <\/h2>\r\n\t\t\r\n            <div class=\"etheme-advanced-headline-divider\"><\/div><\/div>        \r\n        <\/div>\r\n        \r\n\t\t\t\t\t\t<\/div>\n\t\t\t\t<\/div>\n\t\t\t\t<div class=\"elementor-element elementor-element-7d8d43d elementor-widget elementor-widget-text-editor\" data-id=\"7d8d43d\" data-element_type=\"widget\" data-e-type=\"widget\" data-widget_type=\"text-editor.default\">\n\t\t\t\t<div class=\"elementor-widget-container\">\n\t\t\t\t\t\t\t\t\t<p>Kullan\u0131c\u0131lar\u0131n sa\u011fl\u0131kl\u0131 ya\u015famlar\u0131na katk\u0131da bulunmak.<\/p><p>\u00c7evre dostu ve s\u00fcrd\u00fcr\u00fclebilir \u00fcr\u00fcnler sunarak do\u011fay\u0131 korumak.<\/p><p>Yenilik\u00e7i ve estetik tasar\u0131mlarla egzersizi daha \u00e7ekici hale getiriyoruz.<\/p><p>Her ya\u015ftan kullan\u0131c\u0131ya hitap eden geni\u015f bir \u00fcr\u00fcn yelpazesi sunmak.<\/p><p>\u00dcr\u00fcnlerimizin uzun \u00f6m\u00fcrl\u00fc ve dayan\u0131kl\u0131 olmas\u0131n\u0131 sa\u011flamak i\u00e7in.<\/p>\t\t\t\t\t\t\t\t<\/div>\n\t\t\t\t<\/div>\n\t\t\t\t<div class=\"elementor-element elementor-element-2ee143b elementor-align-center elementor-widget elementor-widget-etheme_advanced_headline\" data-id=\"2ee143b\" data-element_type=\"widget\" data-e-type=\"widget\" data-widget_type=\"etheme_advanced_headline.default\">\n\t\t\t\t<div class=\"elementor-widget-container\">\n\t\t\t\t\t        \r\n        <div class=\"etheme-a-h-wrapper etheme-a-h-line-under\">\r\n        \r\n            <div class=\"etheme-advanced-headline-heading-wrapper\">\r\n        <h2 class=\"etheme-advanced-headline\">\r\n\r\n            DE\u011eERLER\u0130M\u0130Z\r\n        <\/h2>\r\n\t\t\r\n            <div class=\"etheme-advanced-headline-divider\"><\/div><\/div>        \r\n        <\/div>\r\n        \r\n\t\t\t\t\t\t<\/div>\n\t\t\t\t<\/div>\n\t\t\t\t<div class=\"elementor-element elementor-element-7b8b73e elementor-widget elementor-widget-text-editor\" data-id=\"7b8b73e\" data-element_type=\"widget\" data-e-type=\"widget\" data-widget_type=\"text-editor.default\">\n\t\t\t\t<div class=\"elementor-widget-container\">\n\t\t\t\t\t\t\t\t\t<p>S\u00fcrd\u00fcr\u00fclebilirlik<\/p><p>Do\u011fall\u0131k<\/p><p>\u0130novasyon<\/p><p>\u0130\u015flevsellik<\/p><p>Estetiklik<\/p><p>Kalite<\/p><p>M\u00fc\u015fteri Memnuniyeti<\/p><p>Do\u011faya sayg\u0131l\u0131 ah\u015fap egzersiz \u00fcr\u00fcnleriyle sa\u011fl\u0131kl\u0131 bir ya\u015fam tarz\u0131 benimseyin.<\/p>\t\t\t\t\t\t\t\t<\/div>\n\t\t\t\t<\/div>\n\t\t\t\t\t<\/div>\n\t\t<\/div>\n\t\t\t\t<div class=\"elementor-column elementor-col-33 elementor-top-column elementor-element elementor-element-197b4b2\" data-id=\"197b4b2\" data-element_type=\"column\" data-e-type=\"column\">\n\t\t\t<div class=\"elementor-widget-wrap\">\n\t\t\t\t\t\t\t<\/div>\n\t\t<\/div>\n\t\t\t\t\t<\/div>\n\t\t<\/section>\n\t\t\t\t<\/div>","protected":false},"excerpt":{"rendered":"<p>ABOUT US With over 30 years of experience in the sports industry, I have participated in numerous national and international competitions both as an athlete&#8230;<\/p>","protected":false},"author":1,"featured_media":0,"parent":0,"menu_order":0,"comment_status":"closed","ping_status":"closed","template":"","meta":{"footnotes":""},"class_list":["post-32","page","type-page","status-publish","hentry"],"_links":{"self":[{"href":"https:\/\/woodywell.com\/tr\/wp-json\/wp\/v2\/pages\/32","targetHints":{"allow":["GET"]}}],"collection":[{"href":"https:\/\/woodywell.com\/tr\/wp-json\/wp\/v2\/pages"}],"about":[{"href":"https:\/\/woodywell.com\/tr\/wp-json\/wp\/v2\/types\/page"}],"author":[{"embeddable":true,"href":"https:\/\/woodywell.com\/tr\/wp-json\/wp\/v2\/users\/1"}],"replies":[{"embeddable":true,"href":"https:\/\/woodywell.com\/tr\/wp-json\/wp\/v2\/comments?post=32"}],"version-history":[{"count":63,"href":"https:\/\/woodywell.com\/tr\/wp-json\/wp\/v2\/pages\/32\/revisions"}],"predecessor-version":[{"id":3506,"href":"https:\/\/woodywell.com\/tr\/wp-json\/wp\/v2\/pages\/32\/revisions\/3506"}],"wp:attachment":[{"href":"https:\/\/woodywell.com\/tr\/wp-json\/wp\/v2\/media?parent=32"}],"curies":[{"name":"wp","href":"https:\/\/api.w.org\/{rel}","templated":true}]}}