{"id":796,"date":"2023-09-23T08:06:17","date_gmt":"2023-09-23T08:06:17","guid":{"rendered":"https:\/\/xstore.8theme.com\/elementor3\/yoga-accessories\/?page_id=796"},"modified":"2025-02-14T14:04:37","modified_gmt":"2025-02-14T14:04:37","slug":"project","status":"publish","type":"page","link":"https:\/\/woodywell.com\/tr\/project\/","title":{"rendered":"Projeler"},"content":{"rendered":"<div data-elementor-type=\"wp-page\" data-elementor-id=\"796\" class=\"elementor elementor-796\" data-elementor-post-type=\"page\">\n\t\t\t\t\t\t<section class=\"elementor-section elementor-top-section elementor-element elementor-element-e1cbbb7 elementor-section-stretched elementor-section-boxed elementor-section-height-default elementor-section-height-default\" data-id=\"e1cbbb7\" data-element_type=\"section\" data-e-type=\"section\" data-settings=\"{&quot;stretch_section&quot;:&quot;section-stretched&quot;}\">\n\t\t\t\t\t\t<div class=\"elementor-container elementor-column-gap-custom\">\n\t\t\t\t\t<div class=\"elementor-column elementor-col-33 elementor-top-column elementor-element elementor-element-5d28258\" data-id=\"5d28258\" data-element_type=\"column\" data-e-type=\"column\">\n\t\t\t<div class=\"elementor-widget-wrap elementor-element-populated\">\n\t\t\t\t\t\t<div class=\"elementor-element elementor-element-269ec3e elementor-align-center elementor-widget elementor-widget-etheme_icon_box\" data-id=\"269ec3e\" data-element_type=\"widget\" data-e-type=\"widget\" data-widget_type=\"etheme_icon_box.default\">\n\t\t\t\t<div class=\"elementor-widget-container\">\n\t\t\t\t\t\t\t\t<div class=\"etheme-icon-box etheme-icon-box-icon-position-top\">\r\n        \r\n                            \r\n                <div class=\"etheme-icon-box-icon etheme-icon-box-icon-type-image\">\r\n        \r\n                <img loading=\"lazy\" decoding=\"async\" width=\"270\" height=\"270\" src=\"https:\/\/woodywell.com\/wp-content\/uploads\/2025\/01\/Bir-baslik-ekleyin.png\" class=\"attachment-full size-full wp-image-3016\" alt=\"\" srcset=\"https:\/\/woodywell.com\/wp-content\/uploads\/2025\/01\/Bir-baslik-ekleyin.png 270w, https:\/\/woodywell.com\/wp-content\/uploads\/2025\/01\/Bir-baslik-ekleyin-150x150.png 150w, https:\/\/woodywell.com\/wp-content\/uploads\/2025\/01\/Bir-baslik-ekleyin-100x100.png 100w, https:\/\/woodywell.com\/wp-content\/uploads\/2025\/01\/Bir-baslik-ekleyin-1x1.png 1w, https:\/\/woodywell.com\/wp-content\/uploads\/2025\/01\/Bir-baslik-ekleyin-10x10.png 10w\" sizes=\"auto, (max-width: 270px) 100vw, 270px\" \/>        \r\n                <\/div>\r\n            \r\n                <div class=\"etheme-icon-box-content\">\r\n\t\t\r\n                                            <h5 class=\"etheme-icon-box-subtitle\">\r\n                        <span>Bilgi-Kurulum alan\u0131n\u0131n\/odan\u0131n geni\u015fli\u011fi\/uzunlu\u011fu\/y\u00fcksekli\u011finin \u00f6l\u00e7\u00fclmesi.<\/span>\r\n                        <\/h5>\r\n                                        \r\n                                            <h3 class=\"etheme-icon-box-title\">\r\n                            <span>E-posta G\u00f6nderin <\/span>\r\n                        <\/h3>\r\n                    \t\t\r\n                                            <p class=\"etheme-icon-box-description\">\r\n                            info@woodywell.com                        <\/p>\r\n                    \r\n                            <a class=\"elementor-button\" role=\"button\">\r\n                \r\n                    \r\n                <span class=\"button-text\"> <\/span>\r\n                \r\n                    \r\n            <\/a>\r\n                    \r\n                <\/div>\r\n\t\t\t<\/div>\r\n\t\t\t\t\t\t<\/div>\n\t\t\t\t<\/div>\n\t\t\t\t\t<\/div>\n\t\t<\/div>\n\t\t\t\t<div class=\"elementor-column elementor-col-33 elementor-top-column elementor-element elementor-element-a78246c\" data-id=\"a78246c\" data-element_type=\"column\" data-e-type=\"column\">\n\t\t\t<div class=\"elementor-widget-wrap elementor-element-populated\">\n\t\t\t\t\t\t<div class=\"elementor-element elementor-element-aba6f62 elementor-align-center elementor-widget elementor-widget-etheme_icon_box\" data-id=\"aba6f62\" data-element_type=\"widget\" data-e-type=\"widget\" data-widget_type=\"etheme_icon_box.default\">\n\t\t\t\t<div class=\"elementor-widget-container\">\n\t\t\t\t\t\t\t\t<div class=\"etheme-icon-box etheme-icon-box-icon-position-top\">\r\n        \r\n                            \r\n                <div class=\"etheme-icon-box-icon etheme-icon-box-icon-type-image\">\r\n        \r\n                <img loading=\"lazy\" decoding=\"async\" width=\"270\" height=\"270\" src=\"https:\/\/woodywell.com\/wp-content\/uploads\/2025\/01\/Bir-baslik-ekleyin-3.png\" class=\"attachment-full size-full wp-image-3013\" alt=\"\" srcset=\"https:\/\/woodywell.com\/wp-content\/uploads\/2025\/01\/Bir-baslik-ekleyin-3.png 270w, https:\/\/woodywell.com\/wp-content\/uploads\/2025\/01\/Bir-baslik-ekleyin-3-150x150.png 150w, https:\/\/woodywell.com\/wp-content\/uploads\/2025\/01\/Bir-baslik-ekleyin-3-100x100.png 100w, https:\/\/woodywell.com\/wp-content\/uploads\/2025\/01\/Bir-baslik-ekleyin-3-1x1.png 1w, https:\/\/woodywell.com\/wp-content\/uploads\/2025\/01\/Bir-baslik-ekleyin-3-10x10.png 10w\" sizes=\"auto, (max-width: 270px) 100vw, 270px\" \/>        \r\n                <\/div>\r\n            \r\n                <div class=\"etheme-icon-box-content\">\r\n\t\t\r\n                                            <h5 class=\"etheme-icon-box-subtitle\">\r\n                        <span>Planlama\/Teklif - Se\u00e7ti\u011finiz \u00fcr\u00fcnlerle size en uygun alternatif se\u00e7enekleri sunarak teklifinizi haz\u0131rl\u0131yoruz.<\/span>\r\n                        <\/h5>\r\n                                        \r\n                                            <h3 class=\"etheme-icon-box-title\">\r\n                            <span>E-posta G\u00f6nderin <\/span>\r\n                        <\/h3>\r\n                    \t\t\r\n                                            <p class=\"etheme-icon-box-description\">\r\n                            info@woodywell.com                         <\/p>\r\n                    \r\n                            <a class=\"elementor-button\" role=\"button\">\r\n                \r\n                    \r\n                <span class=\"button-text\"> <\/span>\r\n                \r\n                    \r\n            <\/a>\r\n                    \r\n                <\/div>\r\n\t\t\t<\/div>\r\n\t\t\t\t\t\t<\/div>\n\t\t\t\t<\/div>\n\t\t\t\t\t<\/div>\n\t\t<\/div>\n\t\t\t\t<div class=\"elementor-column elementor-col-33 elementor-top-column elementor-element elementor-element-b2f09ac\" data-id=\"b2f09ac\" data-element_type=\"column\" data-e-type=\"column\">\n\t\t\t<div class=\"elementor-widget-wrap elementor-element-populated\">\n\t\t\t\t\t\t<div class=\"elementor-element elementor-element-a63c754 elementor-align-center elementor-widget elementor-widget-etheme_icon_box\" data-id=\"a63c754\" data-element_type=\"widget\" data-e-type=\"widget\" data-widget_type=\"etheme_icon_box.default\">\n\t\t\t\t<div class=\"elementor-widget-container\">\n\t\t\t\t\t\t\t\t<div class=\"etheme-icon-box etheme-icon-box-icon-position-top\">\r\n        \r\n                            \r\n                <div class=\"etheme-icon-box-icon etheme-icon-box-icon-type-image\">\r\n        \r\n                <img loading=\"lazy\" decoding=\"async\" width=\"270\" height=\"270\" src=\"https:\/\/woodywell.com\/wp-content\/uploads\/2025\/01\/Bir-baslik-ekleyin-4.png\" class=\"attachment-full size-full wp-image-3018\" alt=\"\" srcset=\"https:\/\/woodywell.com\/wp-content\/uploads\/2025\/01\/Bir-baslik-ekleyin-4.png 270w, https:\/\/woodywell.com\/wp-content\/uploads\/2025\/01\/Bir-baslik-ekleyin-4-150x150.png 150w, https:\/\/woodywell.com\/wp-content\/uploads\/2025\/01\/Bir-baslik-ekleyin-4-100x100.png 100w, https:\/\/woodywell.com\/wp-content\/uploads\/2025\/01\/Bir-baslik-ekleyin-4-1x1.png 1w, https:\/\/woodywell.com\/wp-content\/uploads\/2025\/01\/Bir-baslik-ekleyin-4-10x10.png 10w\" sizes=\"auto, (max-width: 270px) 100vw, 270px\" \/>        \r\n                <\/div>\r\n            \r\n                <div class=\"etheme-icon-box-content\">\r\n\t\t\r\n                                            <h5 class=\"etheme-icon-box-subtitle\">\r\n                        <span>G\u00f6rselle\u015ftirme - \u00dcretim \u00f6ncesinde \u00fcr\u00fcnlerin g\u00f6rsellerini size sunuyoruz.<\/span>\r\n                        <\/h5>\r\n                                        \r\n                                            <h3 class=\"etheme-icon-box-title\">\r\n                            <span>E-posta G\u00f6nderin <\/span>\r\n                        <\/h3>\r\n                    \t\t\r\n                                            <p class=\"etheme-icon-box-description\">\r\n                            info@woodywell.com                         <\/p>\r\n                    \r\n                            <a class=\"elementor-button\" role=\"button\">\r\n                \r\n                    \r\n                <span class=\"button-text\"> <\/span>\r\n                \r\n                    \r\n            <\/a>\r\n                    \r\n                <\/div>\r\n\t\t\t<\/div>\r\n\t\t\t\t\t\t<\/div>\n\t\t\t\t<\/div>\n\t\t\t\t\t<\/div>\n\t\t<\/div>\n\t\t\t\t\t<\/div>\n\t\t<\/section>\n\t\t\t\t<section class=\"elementor-section elementor-top-section elementor-element elementor-element-242f500 elementor-section-stretched elementor-section-boxed elementor-section-height-default elementor-section-height-default\" data-id=\"242f500\" data-element_type=\"section\" data-e-type=\"section\" data-settings=\"{&quot;stretch_section&quot;:&quot;section-stretched&quot;}\">\n\t\t\t\t\t\t<div class=\"elementor-container elementor-column-gap-custom\">\n\t\t\t\t\t<div class=\"elementor-column elementor-col-33 elementor-top-column elementor-element elementor-element-999ccd0\" data-id=\"999ccd0\" data-element_type=\"column\" data-e-type=\"column\">\n\t\t\t<div class=\"elementor-widget-wrap elementor-element-populated\">\n\t\t\t\t\t\t<div class=\"elementor-element elementor-element-a685303 elementor-align-center elementor-widget elementor-widget-etheme_icon_box\" data-id=\"a685303\" data-element_type=\"widget\" data-e-type=\"widget\" data-widget_type=\"etheme_icon_box.default\">\n\t\t\t\t<div class=\"elementor-widget-container\">\n\t\t\t\t\t\t\t\t<div class=\"etheme-icon-box etheme-icon-box-icon-position-top\">\r\n        \r\n                            \r\n                <div class=\"etheme-icon-box-icon etheme-icon-box-icon-type-image\">\r\n        \r\n                <img loading=\"lazy\" decoding=\"async\" width=\"270\" height=\"270\" src=\"https:\/\/woodywell.com\/wp-content\/uploads\/2025\/01\/Bir-baslik-ekleyin-2.png\" class=\"attachment-full size-full wp-image-3014\" alt=\"\" srcset=\"https:\/\/woodywell.com\/wp-content\/uploads\/2025\/01\/Bir-baslik-ekleyin-2.png 270w, https:\/\/woodywell.com\/wp-content\/uploads\/2025\/01\/Bir-baslik-ekleyin-2-150x150.png 150w, https:\/\/woodywell.com\/wp-content\/uploads\/2025\/01\/Bir-baslik-ekleyin-2-100x100.png 100w, https:\/\/woodywell.com\/wp-content\/uploads\/2025\/01\/Bir-baslik-ekleyin-2-1x1.png 1w, https:\/\/woodywell.com\/wp-content\/uploads\/2025\/01\/Bir-baslik-ekleyin-2-10x10.png 10w\" sizes=\"auto, (max-width: 270px) 100vw, 270px\" \/>        \r\n                <\/div>\r\n            \r\n                <div class=\"etheme-icon-box-content\">\r\n\t\t\r\n                                            <h5 class=\"etheme-icon-box-subtitle\">\r\n                        <span>\u00dcretim - Fabrikam\u0131zda sizin i\u00e7in \u00fcretim yap\u0131yoruz.<\/span>\r\n                        <\/h5>\r\n                                        \r\n                                            <h3 class=\"etheme-icon-box-title\">\r\n                            <span>E-posta G\u00f6nderin <\/span>\r\n                        <\/h3>\r\n                    \t\t\r\n                                            <p class=\"etheme-icon-box-description\">\r\n                            info@woodywell.com                         <\/p>\r\n                    \r\n                            <a class=\"elementor-button\" role=\"button\">\r\n                \r\n                    \r\n                <span class=\"button-text\"> <\/span>\r\n                \r\n                    \r\n            <\/a>\r\n                    \r\n                <\/div>\r\n\t\t\t<\/div>\r\n\t\t\t\t\t\t<\/div>\n\t\t\t\t<\/div>\n\t\t\t\t\t<\/div>\n\t\t<\/div>\n\t\t\t\t<div class=\"elementor-column elementor-col-33 elementor-top-column elementor-element elementor-element-94d2b75\" data-id=\"94d2b75\" data-element_type=\"column\" data-e-type=\"column\">\n\t\t\t<div class=\"elementor-widget-wrap elementor-element-populated\">\n\t\t\t\t\t\t<div class=\"elementor-element elementor-element-96f4754 elementor-align-center elementor-widget elementor-widget-etheme_icon_box\" data-id=\"96f4754\" data-element_type=\"widget\" data-e-type=\"widget\" data-widget_type=\"etheme_icon_box.default\">\n\t\t\t\t<div class=\"elementor-widget-container\">\n\t\t\t\t\t\t\t\t<div class=\"etheme-icon-box etheme-icon-box-icon-position-top\">\r\n        \r\n                            \r\n                <div class=\"etheme-icon-box-icon etheme-icon-box-icon-type-image\">\r\n        \r\n                <img loading=\"lazy\" decoding=\"async\" width=\"270\" height=\"270\" src=\"https:\/\/woodywell.com\/wp-content\/uploads\/2025\/01\/Bir-baslik-ekleyin-1.png\" class=\"attachment-full size-full wp-image-3015\" alt=\"\" srcset=\"https:\/\/woodywell.com\/wp-content\/uploads\/2025\/01\/Bir-baslik-ekleyin-1.png 270w, https:\/\/woodywell.com\/wp-content\/uploads\/2025\/01\/Bir-baslik-ekleyin-1-150x150.png 150w, https:\/\/woodywell.com\/wp-content\/uploads\/2025\/01\/Bir-baslik-ekleyin-1-100x100.png 100w, https:\/\/woodywell.com\/wp-content\/uploads\/2025\/01\/Bir-baslik-ekleyin-1-1x1.png 1w, https:\/\/woodywell.com\/wp-content\/uploads\/2025\/01\/Bir-baslik-ekleyin-1-10x10.png 10w\" sizes=\"auto, (max-width: 270px) 100vw, 270px\" \/>        \r\n                <\/div>\r\n            \r\n                <div class=\"etheme-icon-box-content\">\r\n\t\t\r\n                                            <h5 class=\"etheme-icon-box-subtitle\">\r\n                        <span>Ambalajlama-\u00dcr\u00fcnlerinizi \u00f6zenle paketliyoruz.<\/span>\r\n                        <\/h5>\r\n                                        \r\n                                            <h3 class=\"etheme-icon-box-title\">\r\n                            <span>E-posta G\u00f6nderin <\/span>\r\n                        <\/h3>\r\n                    \t\t\r\n                                            <p class=\"etheme-icon-box-description\">\r\n                            info@woodywell.com                         <\/p>\r\n                    \r\n                            <a class=\"elementor-button\" role=\"button\">\r\n                \r\n                    \r\n                <span class=\"button-text\"> <\/span>\r\n                \r\n                    \r\n            <\/a>\r\n                    \r\n                <\/div>\r\n\t\t\t<\/div>\r\n\t\t\t\t\t\t<\/div>\n\t\t\t\t<\/div>\n\t\t\t\t\t<\/div>\n\t\t<\/div>\n\t\t\t\t<div class=\"elementor-column elementor-col-33 elementor-top-column elementor-element elementor-element-b4e2396\" data-id=\"b4e2396\" data-element_type=\"column\" data-e-type=\"column\">\n\t\t\t<div class=\"elementor-widget-wrap elementor-element-populated\">\n\t\t\t\t\t\t<div class=\"elementor-element elementor-element-df46cbf elementor-align-center elementor-widget elementor-widget-etheme_icon_box\" data-id=\"df46cbf\" data-element_type=\"widget\" data-e-type=\"widget\" data-widget_type=\"etheme_icon_box.default\">\n\t\t\t\t<div class=\"elementor-widget-container\">\n\t\t\t\t\t\t\t\t<div class=\"etheme-icon-box etheme-icon-box-icon-position-top\">\r\n        \r\n                            \r\n                <div class=\"etheme-icon-box-icon etheme-icon-box-icon-type-image\">\r\n        \r\n                <img loading=\"lazy\" decoding=\"async\" width=\"270\" height=\"270\" src=\"https:\/\/woodywell.com\/wp-content\/uploads\/2025\/01\/Adsiz-tasarim-5.png\" class=\"attachment-full size-full wp-image-3017\" alt=\"\" srcset=\"https:\/\/woodywell.com\/wp-content\/uploads\/2025\/01\/Adsiz-tasarim-5.png 270w, https:\/\/woodywell.com\/wp-content\/uploads\/2025\/01\/Adsiz-tasarim-5-150x150.png 150w, https:\/\/woodywell.com\/wp-content\/uploads\/2025\/01\/Adsiz-tasarim-5-100x100.png 100w, https:\/\/woodywell.com\/wp-content\/uploads\/2025\/01\/Adsiz-tasarim-5-1x1.png 1w, https:\/\/woodywell.com\/wp-content\/uploads\/2025\/01\/Adsiz-tasarim-5-10x10.png 10w\" sizes=\"auto, (max-width: 270px) 100vw, 270px\" \/>        \r\n                <\/div>\r\n            \r\n                <div class=\"etheme-icon-box-content\">\r\n\t\t\r\n                                            <h5 class=\"etheme-icon-box-subtitle\">\r\n                        <span>Kurulum - Montaj\u0131 biz yap\u0131yoruz.<\/span>\r\n                        <\/h5>\r\n                                        \r\n                                            <h3 class=\"etheme-icon-box-title\">\r\n                            <span>E-posta G\u00f6nderin <\/span>\r\n                        <\/h3>\r\n                    \t\t\r\n                                            <p class=\"etheme-icon-box-description\">\r\n                            info@woodywell.com                         <\/p>\r\n                    \r\n                            <a class=\"elementor-button\" role=\"button\">\r\n                \r\n                    \r\n                <span class=\"button-text\"> <\/span>\r\n                \r\n                    \r\n            <\/a>\r\n                    \r\n                <\/div>\r\n\t\t\t<\/div>\r\n\t\t\t\t\t\t<\/div>\n\t\t\t\t<\/div>\n\t\t\t\t\t<\/div>\n\t\t<\/div>\n\t\t\t\t\t<\/div>\n\t\t<\/section>\n\t\t\t\t<\/div>","protected":false},"excerpt":{"rendered":"<p>Information-Measuring the width\/length\/height of the installation\u00a0area\/room. Than sent to me mail to info@woodywell.com Planning\/Proposal-We prepare your offer by offering you the most suitable alternative options&#8230;<\/p>","protected":false},"author":1,"featured_media":0,"parent":0,"menu_order":0,"comment_status":"closed","ping_status":"closed","template":"","meta":{"footnotes":""},"class_list":["post-796","page","type-page","status-publish","hentry"],"_links":{"self":[{"href":"https:\/\/woodywell.com\/tr\/wp-json\/wp\/v2\/pages\/796","targetHints":{"allow":["GET"]}}],"collection":[{"href":"https:\/\/woodywell.com\/tr\/wp-json\/wp\/v2\/pages"}],"about":[{"href":"https:\/\/woodywell.com\/tr\/wp-json\/wp\/v2\/types\/page"}],"author":[{"embeddable":true,"href":"https:\/\/woodywell.com\/tr\/wp-json\/wp\/v2\/users\/1"}],"replies":[{"embeddable":true,"href":"https:\/\/woodywell.com\/tr\/wp-json\/wp\/v2\/comments?post=796"}],"version-history":[{"count":4,"href":"https:\/\/woodywell.com\/tr\/wp-json\/wp\/v2\/pages\/796\/revisions"}],"predecessor-version":[{"id":3170,"href":"https:\/\/woodywell.com\/tr\/wp-json\/wp\/v2\/pages\/796\/revisions\/3170"}],"wp:attachment":[{"href":"https:\/\/woodywell.com\/tr\/wp-json\/wp\/v2\/media?parent=796"}],"curies":[{"name":"wp","href":"https:\/\/api.w.org\/{rel}","templated":true}]}}