{"id":2104,"date":"2025-01-10T13:16:30","date_gmt":"2025-01-10T13:16:30","guid":{"rendered":"https:\/\/woodywell.com\/?post_type=product&#038;p=2104"},"modified":"2025-02-25T20:56:28","modified_gmt":"2025-02-25T20:56:28","slug":"cepheus-multi-bench","status":"publish","type":"product","link":"https:\/\/woodywell.com\/tr\/urun\/cepheus-multi-bench\/","title":{"rendered":"Cepheus Multi Bench"},"content":{"rendered":"<p data-pm-slice=\"1 1 []\"><span style=\"vertical-align: inherit;\"><span style=\"vertical-align: inherit;\">Cepheus Multi Bench, \u00e7e\u015fitli kas gruplar\u0131 \u00fczerinde \u00e7al\u0131\u015fabilir ve bench press, e\u011fim pres, d\u00fc\u015f\u00fc\u015f pres, oturmu\u015f damb\u0131l havai pres, gibi \u00e7ok \u00e7e\u015fitli egzersizler yapabilirsiniz, oturmu\u015f damb\u0131l yanal kald\u0131rma, e\u011fimli damb\u0131l k\u00fcrek \u00e7ekme (reverse grip), oturmu\u015f damb\u0131l b\u00fck\u00fclm\u00fc\u015f arka deltoid k\u00fcrek \u00e7ekme, e\u011fimli \u00e7\u0131t\u0131rt\u0131, e\u011fimli ters \u00e7\u0131t\u0131rt\u0131, oturmu\u015f damb\u0131l biseps k\u0131vr\u0131lmas\u0131, yalan tricep uzant\u0131lar\u0131 (dumbbell veya barbell), Bulgar b\u00f6l\u00fcnm\u00fc\u015f squat, step-up&#8217;lar (with damb\u0131l veya barbells) ve daha fazlas\u0131.<\/span><\/span><\/p>","protected":false},"excerpt":{"rendered":"<p>Cepheus Multi Bench, \u00e7e\u015fitli kas gruplar\u0131 \u00fczerinde \u00e7al\u0131\u015fabilir ve bench press, e\u011fim pres, d\u00fc\u015f\u00fc\u015f pres, oturmu\u015f damb\u0131l havai pres, gibi \u00e7ok \u00e7e\u015fitli egzersizler yapabilirsiniz, oturmu\u015f&#8230;<\/p>","protected":false},"featured_media":1987,"comment_status":"open","ping_status":"closed","template":"","meta":[],"etheme_brands":[{"term_id":50,"name":"Cepheus","slug":"cepheus","term_group":0,"term_taxonomy_id":50,"taxonomy":"brand","description":"Cepheus","parent":0,"count":6,"filter":"raw"},{"term_id":51,"name":"Woody","slug":"woody","term_group":0,"term_taxonomy_id":51,"taxonomy":"brand","description":"Woody","parent":0,"count":34,"filter":"raw"}],"product_brand":[],"product_cat":[19],"product_tag":[],"class_list":{"0":"post-2104","1":"product","2":"type-product","3":"status-publish","4":"has-post-thumbnail","6":"brand-cepheus","7":"brand-woody","8":"product_cat-cepheus","10":"first","11":"instock","12":"shipping-taxable","13":"purchasable","14":"product-type-variable"},"_links":{"self":[{"href":"https:\/\/woodywell.com\/tr\/wp-json\/wp\/v2\/product\/2104","targetHints":{"allow":["GET"]}}],"collection":[{"href":"https:\/\/woodywell.com\/tr\/wp-json\/wp\/v2\/product"}],"about":[{"href":"https:\/\/woodywell.com\/tr\/wp-json\/wp\/v2\/types\/product"}],"replies":[{"embeddable":true,"href":"https:\/\/woodywell.com\/tr\/wp-json\/wp\/v2\/comments?post=2104"}],"version-history":[{"count":4,"href":"https:\/\/woodywell.com\/tr\/wp-json\/wp\/v2\/product\/2104\/revisions"}],"predecessor-version":[{"id":3440,"href":"https:\/\/woodywell.com\/tr\/wp-json\/wp\/v2\/product\/2104\/revisions\/3440"}],"wp:featuredmedia":[{"embeddable":true,"href":"https:\/\/woodywell.com\/tr\/wp-json\/wp\/v2\/media\/1987"}],"wp:attachment":[{"href":"https:\/\/woodywell.com\/tr\/wp-json\/wp\/v2\/media?parent=2104"}],"wp:term":[{"taxonomy":"brand","embeddable":true,"href":"https:\/\/woodywell.com\/tr\/wp-json\/wp\/v2\/etheme_brands?post=2104"},{"taxonomy":"product_brand","embeddable":true,"href":"https:\/\/woodywell.com\/tr\/wp-json\/wp\/v2\/product_brand?post=2104"},{"taxonomy":"product_cat","embeddable":true,"href":"https:\/\/woodywell.com\/tr\/wp-json\/wp\/v2\/product_cat?post=2104"},{"taxonomy":"product_tag","embeddable":true,"href":"https:\/\/woodywell.com\/tr\/wp-json\/wp\/v2\/product_tag?post=2104"}],"curies":[{"name":"wp","href":"https:\/\/api.w.org\/{rel}","templated":true}]}}